{"id":4079,"date":"2023-07-11T10:58:39","date_gmt":"2023-07-11T09:58:39","guid":{"rendered":"https:\/\/www.zyrgon.com\/home\/"},"modified":"2025-12-18T13:44:40","modified_gmt":"2025-12-18T13:44:40","slug":"zyrgon-network-group","status":"publish","type":"page","link":"https:\/\/www.zyrgon.com\/es\/","title":{"rendered":"Zyrgon Network Group"},"content":{"rendered":"\t\t<div data-elementor-type=\"wp-page\" data-elementor-id=\"4079\" class=\"elementor elementor-4079 elementor-11\" data-elementor-post-type=\"page\">\n\t\t\t\t<div class=\"elementor-element elementor-element-1aeda3f e-con-full e-flex e-con e-parent\" data-id=\"1aeda3f\" data-element_type=\"container\">\n\t\t\t\t<div class=\"elementor-element elementor-element-bc405f7 elementor-widget elementor-widget-slides home slider-home-2025 elementor--h-position-center elementor--v-position-middle elementor-arrows-position-inside\" data-id=\"bc405f7\" data-element_type=\"widget\" data-settings=\"{&quot;navigation&quot;:&quot;arrows&quot;,&quot;autoplay&quot;:&quot;yes&quot;,&quot;pause_on_hover&quot;:&quot;yes&quot;,&quot;pause_on_interaction&quot;:&quot;yes&quot;,&quot;autoplay_speed&quot;:5000,&quot;infinite&quot;:&quot;yes&quot;,&quot;transition&quot;:&quot;slide&quot;,&quot;transition_speed&quot;:500}\" data-widget_type=\"slides.default\">\n\t\t\t\t<div class=\"elementor-widget-container\">\n\t\t\t\t\t\t\t<div class=\"elementor-swiper\">\n\t\t\t<div class=\"elementor-slides-wrapper elementor-main-swiper zp_slides swiper\" dir=\"ltr\" data-animation=\"fadeInUp\">\n\t\t\t\t<div class=\"swiper-wrapper elementor-slides\">\n\t\t\t\t\t\t\t\t\t\t<div class=\"elementor-repeater-item-bd7af72 swiper-slide\"><div class=\"swiper-slide-bg\" role=\"img\"><\/div><div class=\"swiper-slide-inner\" ><div class=\"swiper-slide-contents\"><div class=\"elementor-slide-heading\">Technology & Hosting<\/div>\n\t\t\t\t<div class=\"elementor-slide-zp_image\">\n\t\t\t\t\t<img fetchpriority=\"high\" decoding=\"async\" alt=\"\" src=\"https:\/\/www.zyrgon.com\/wp-content\/uploads\/2023\/09\/website.webp\" width=\"509\" height=\"377\">\n\t\t\t\t<\/div><div class=\"elementor-slide-description\">Ya sea un blog, una tienda en l\u00ednea o un sitio web, nuestro equipo de Geeks transformar\u00e1 una visi\u00f3n en realidad digital. Solo respira hondo y d\u00e9jalos trabajar.<\/div><\/div><\/div><\/div><div class=\"elementor-repeater-item-82c1afa swiper-slide\"><div class=\"swiper-slide-bg\" role=\"img\"><\/div><div class=\"swiper-slide-inner\" ><div class=\"swiper-slide-contents\"><div class=\"elementor-slide-heading\">Automation & Smart Workflows<\/div>\n\t\t\t\t<div class=\"elementor-slide-zp_image\">\n\t\t\t\t\t<img decoding=\"async\" alt=\"\" src=\"https:\/\/www.zyrgon.com\/wp-content\/uploads\/2025\/11\/AI-CHATBOTS.png\" width=\"513\" height=\"269\">\n\t\t\t\t<\/div><div class=\"elementor-slide-description\">Aplicamos IA para reducir costos, agilizar tareas y aumentar la productividad. Creamos chatbots, asistentes virtuales y automatizaciones inteligentes: sistemas que aprenden, responden y ejecutan por ti 24\/7. Menos trabajo manual, m\u00e1s enfoque en el crecimiento.<\/div><\/div><\/div><\/div><div class=\"elementor-repeater-item-06979c2 swiper-slide\"><div class=\"swiper-slide-bg\" role=\"img\"><\/div><div class=\"swiper-slide-inner\" ><div class=\"swiper-slide-contents\"><div class=\"elementor-slide-heading\">Technology & Hosting<\/div>\n\t\t\t\t<div class=\"elementor-slide-zp_image\">\n\t\t\t\t\t<img decoding=\"async\" alt=\"\" src=\"https:\/\/www.zyrgon.com\/wp-content\/uploads\/2025\/11\/HOST-INGS.png\" width=\"423\" height=\"268\">\n\t\t\t\t<\/div><div class=\"elementor-slide-description\">Alojamos WordPress, PrestaShop y soluciones nativas con alto rendimiento. Garantizamos velocidad, seguridad, estabilidad y mantenimiento 24\/7. Monitorizamos, actualizamos y protegemos tu proyecto sin parar. Tu sitio crece; nosotros nos ocupamos de toda la infraestructura.<\/div><\/div><\/div><\/div><div class=\"elementor-repeater-item-02b2312 swiper-slide\"><div class=\"swiper-slide-bg\" role=\"img\"><\/div><div class=\"swiper-slide-inner\" ><div class=\"swiper-slide-contents\"><div class=\"elementor-slide-heading\">API, Automations & Data<\/div>\n\t\t\t\t<div class=\"elementor-slide-zp_image\">\n\t\t\t\t\t<img loading=\"lazy\" decoding=\"async\" alt=\"\" src=\"https:\/\/www.zyrgon.com\/wp-content\/uploads\/2025\/11\/INTEGRA-TIONS.png\" width=\"687\" height=\"267\">\n\t\t\t\t<\/div><div class=\"elementor-slide-description\">Conectamos sistemas, eliminamos el trabajo manual y aceleramos los procesos. Integramos Salesforce, Oracle, Pipedrive, PHC, POS, ERPs y mucho m\u00e1s. Automatizamos flujos y unificamos datos en tiempo real. Tu negocio empieza a funcionar como un solo organismo.<\/div><\/div><\/div><\/div><div class=\"elementor-repeater-item-2bb785a swiper-slide\"><div class=\"swiper-slide-bg\" role=\"img\"><\/div><div class=\"swiper-slide-inner\" ><div class=\"swiper-slide-contents\"><div class=\"elementor-slide-heading\">Sales & Workflow Automation<\/div>\n\t\t\t\t<div class=\"elementor-slide-zp_image\">\n\t\t\t\t\t<img loading=\"lazy\" decoding=\"async\" alt=\"\" src=\"https:\/\/www.zyrgon.com\/wp-content\/uploads\/2025\/11\/crm.png\" width=\"672\" height=\"215\">\n\t\t\t\t<\/div><div class=\"elementor-slide-description\">Implementamos y optimizamos CRMs para equipos que quieren vender m\u00e1s. Automatizamos embudos, tareas y seguimientos con precisi\u00f3n quir\u00fargica.\nM\u00e1s organizaci\u00f3n, menos caos, m\u00e1s negocios cerrados. Tu operaci\u00f3n comercial, afinada desde el primer contacto hasta el cierre.<\/div><\/div><\/div><\/div>\t\t\t\t<\/div>\n\t\t\t\t\t\t\t\t\n\t\t\t\t<div class=\"elementor-slide-zp_image_logo\">\n\t\t\t\t\t<a href=\"https:\/\/manage.cookiebot.com\/goto\/signup?rid=2CYFR\" rel=\"nofollow noopener\" target=\"_blank\">\n\t\t\t\t\t\t\t<img loading=\"lazy\" decoding=\"async\" alt=\"\" src=\"https:\/\/www.zyrgon.com\/wp-content\/uploads\/2024\/03\/Parceiro-Certificado.png\" width=\"600\" height=\"356\">\n\t\t\t\t\t<\/a>\n\t\t\t\t\t<a href=\"\">\n\t\t\t\t\t\t<img decoding=\"async\" alt=\"\" src=\"https:\/\/www.zyrgon.com\/wp-content\/uploads\/2025\/01\/pt-selo-pme-lider-2024.png\" width=\"\" height=\"356\">\n\t\t\t\t\t<\/a>\n\t\t\t\t<\/div>\n\n\t\t\t\t\n\t\t\t\t\t\t\t\t\t\t\t\t\t\t\t\t\t\t\t    <div class=\"elementor-zp_navigation\">\n\t\t\t\t\t        <div class=\"elementor-zp_sub_navigation\">\n        \t\t\t\t\t\t<div class=\"elementor-swiper-button elementor-swiper-button-prev\" role=\"button\" tabindex=\"0\">\n        \t\t\t\t\t\t\t<i aria-hidden=\"true\" class=\"eicon-chevron-left\"><\/i>        \t\t\t\t\t\t\t<span class=\"elementor-screen-only\">Diapositiva anterior<\/span>\n        \t\t\t\t\t\t<\/div>\n        \t\t\t\t\t\t<div class=\"elementor-swiper-button elementor-swiper-button-next\" role=\"button\" tabindex=\"0\">\n        \t\t\t\t\t\t\t<i aria-hidden=\"true\" class=\"eicon-chevron-right\"><\/i>        \t\t\t\t\t\t\t<span class=\"elementor-screen-only\">Diapositiva siguiente<\/span>\n        \t\t\t\t\t\t<\/div>\n\t\t\t\t\t        <\/div>\n\t\t\t\t\t\t<\/div>\n\t\t\t\t\t\t\t\t\t\t\t\t<\/div>\n\t\t<\/div>\n\t\t\t\t\t\t<\/div>\n\t\t\t\t<\/div>\n\t\t\t\t<\/div>\n\t\t\t\t<\/div>\n\t\t","protected":false},"excerpt":{"rendered":"<p>Technology &#038; Hosting Ya sea un blog, una tienda en l\u00ednea o un sitio web, nuestro equipo de Geeks transformar\u00e1 una visi\u00f3n en realidad digital. Solo respira hondo y d\u00e9jalos trabajar.Automation &#038; Smart Workflows Aplicamos IA para reducir costos, agilizar tareas y aumentar la productividad. Creamos chatbots, asistentes virtuales y automatizaciones inteligentes: sistemas que aprenden, [&hellip;]<\/p>\n","protected":false},"author":1,"featured_media":0,"parent":0,"menu_order":0,"comment_status":"closed","ping_status":"closed","template":"","meta":{"inline_featured_image":false,"footnotes":""},"class_list":["post-4079","page","type-page","status-publish","hentry"],"_links":{"self":[{"href":"https:\/\/www.zyrgon.com\/es\/wp-json\/wp\/v2\/pages\/4079","targetHints":{"allow":["GET"]}}],"collection":[{"href":"https:\/\/www.zyrgon.com\/es\/wp-json\/wp\/v2\/pages"}],"about":[{"href":"https:\/\/www.zyrgon.com\/es\/wp-json\/wp\/v2\/types\/page"}],"author":[{"embeddable":true,"href":"https:\/\/www.zyrgon.com\/es\/wp-json\/wp\/v2\/users\/1"}],"replies":[{"embeddable":true,"href":"https:\/\/www.zyrgon.com\/es\/wp-json\/wp\/v2\/comments?post=4079"}],"version-history":[{"count":4,"href":"https:\/\/www.zyrgon.com\/es\/wp-json\/wp\/v2\/pages\/4079\/revisions"}],"predecessor-version":[{"id":4098,"href":"https:\/\/www.zyrgon.com\/es\/wp-json\/wp\/v2\/pages\/4079\/revisions\/4098"}],"wp:attachment":[{"href":"https:\/\/www.zyrgon.com\/es\/wp-json\/wp\/v2\/media?parent=4079"}],"curies":[{"name":"wp","href":"https:\/\/api.w.org\/{rel}","templated":true}]}}