{"id":4105,"date":"2023-07-11T10:58:43","date_gmt":"2023-07-11T09:58:43","guid":{"rendered":"https:\/\/www.zyrgon.com\/nos\/"},"modified":"2026-02-12T15:47:26","modified_gmt":"2026-02-12T15:47:26","slug":"nos","status":"publish","type":"page","link":"https:\/\/www.zyrgon.com\/es\/nos\/","title":{"rendered":"N\u00f3s"},"content":{"rendered":"\t\t<div data-elementor-type=\"wp-page\" data-elementor-id=\"4105\" class=\"elementor elementor-4105 elementor-13\" data-elementor-post-type=\"page\">\n\t\t\t\t\t\t<section class=\"elementor-section elementor-top-section elementor-element elementor-element-46db474 elementor-section-full_width elementor-section-height-min-height elementor-section-height-default elementor-section-items-middle\" data-id=\"46db474\" data-element_type=\"section\">\n\t\t\t\t\t\t<div class=\"elementor-container elementor-column-gap-default\">\n\t\t\t\t\t<div class=\"elementor-column elementor-col-100 elementor-top-column elementor-element elementor-element-d58c704 nos\" data-id=\"d58c704\" data-element_type=\"column\">\n\t\t\t<div class=\"elementor-widget-wrap elementor-element-populated\">\n\t\t\t\t\t\t<div class=\"elementor-element elementor-element-d491c3a elementor-widget elementor-widget-slides elementor--h-position-center elementor--v-position-middle elementor-arrows-position-inside elementor-pagination-position-inside\" data-id=\"d491c3a\" data-element_type=\"widget\" data-settings=\"{&quot;transition_speed&quot;:1250,&quot;navigation&quot;:&quot;both&quot;,&quot;transition&quot;:&quot;slide&quot;}\">\n\t\t\t\t<div class=\"elementor-widget-container\">\n\t\t\t\t\t\n\n\t\t<div class=\"elementor-swiper\">\n\t\t\t<div class=\"first-slider-elementor elementor-slides-wrapper elementor-main-swiper zp_slides equipa swiper-container\" dir=\"ltr\" data-animation=\"fadeInUp\">\n\t\t\t\t<div class=\"swiper-wrapper elementor-slides\">\n\t\t\t\t\t\t\t\t\t\t<div class=\"elementor-repeater-item-a0a0bf9 swiper-slide\"><div class=\"swiper-slide-bg\" role=\"img\"><\/div><div class=\"swiper-slide-inner\" ><div class=\"swiper-slide-contents equipa\"><div class=\"fila\"><h3><\/h3><div class=\"elementor-slide-heading\">O Rodrigo<\/div><div class=\"elementor-slide-team_roll\">CEO<\/div><div class=\"elementor-slide-description\">Adem\u00e1s de ser emprendedor y empresario en otras \u00e1reas de negocio, tambi\u00e9n es el Director Ejecutivo de Zyrgon. Con su formaci\u00f3n en Econom\u00eda y Gesti\u00f3n Empresarial y su liderazgo firme, no hay desaf\u00edo que no enfrente de frente. En sus m\u00e1s de 20 a\u00f1os de carrera, y antes de crear Zyrgon, pas\u00f3 por varias empresas en las que trabaj\u00f3 en las \u00e1reas de Gesti\u00f3n y Econom\u00eda. Afortunadamente, tuvo la valent\u00eda y ambici\u00f3n de crear su propia empresa, \u00a1nuestra agencia! Implacable en la exigencia y persistencia, nada escapa a su mirada cr\u00edtica. \u00a1Nuestro CEO quiere lo mejor y no se conforma con menos, por lo que siempre nos est\u00e1 desafiando a alcanzar niveles m\u00e1s altos! <br> <br>\n\nSi no est\u00e1 en la oficina, es probable que lo encuentren en un barco por el r\u00edo Tejo, en un restaurante o en casa construyendo legos.<\/div><\/div><div class=\"fila\"><div class=\"over-background\"><\/div><div class=\"elementor-slide-zp_image\">\n\t\t\t\t\t\t\t\t\n\t\t\t\t\t\t\t\t<img fetchpriority=\"high\" decoding=\"async\" width=\"1365\" height=\"2048\" alt=\"\" src=\"https:\/\/www.zyrgon.com\/wp-content\/uploads\/2024\/10\/Rodrigo.webp\">\n\t\t\t\t\t\t\t<\/div><\/div><\/div><\/div><\/div><div class=\"elementor-repeater-item-37ced93 swiper-slide\"><div class=\"swiper-slide-bg\" role=\"img\"><\/div><div class=\"swiper-slide-inner\" ><div class=\"swiper-slide-contents equipa\"><div class=\"fila\"><h3><\/h3><div class=\"elementor-slide-heading\">O Tito<\/div><div class=\"elementor-slide-team_roll\">Programming Team Manager<\/div><div class=\"elementor-slide-description\">Con una licenciatura en Ingenier\u00eda Inform\u00e1tica, Tito es nuestro gur\u00fa de la programaci\u00f3n. Ha trabajado durante varios a\u00f1os en administraci\u00f3n de sistemas, participando en proyectos de gran escala y tr\u00e1fico, con m\u00e1s de una docena de servidores en red. <br> <br>\n\n\u00a1Ha programado tantos sitios web que ya hemos perdido la cuenta! Domina los lenguajes como si fueran su lengua nativa. Ya sea PHP, HTML o cualquier otro que nadie haya o\u00eddo jam\u00e1s. Nuestro Tito es el m\u00e1s exigente y perfeccionista, un verdadero bombero cuando se trata de apagar incendios.<\/div><\/div><div class=\"fila\"><div class=\"over-background\"><\/div><div class=\"elementor-slide-zp_image\">\n\t\t\t\t\t\t\t\t\n\t\t\t\t\t\t\t\t<img decoding=\"async\" width=\"1365\" height=\"2048\" alt=\"\" src=\"https:\/\/www.zyrgon.com\/wp-content\/uploads\/2024\/10\/Tito.webp\">\n\t\t\t\t\t\t\t<\/div><\/div><\/div><\/div><\/div><div class=\"elementor-repeater-item-12c6a9c swiper-slide\"><div class=\"swiper-slide-bg\" role=\"img\"><\/div><div class=\"swiper-slide-inner\" ><div class=\"swiper-slide-contents equipa\"><div class=\"fila\"><h3><\/h3><div class=\"elementor-slide-heading\">A Rita<\/div><div class=\"elementor-slide-team_roll\">Marketing Team Manager<\/div><div class=\"elementor-slide-description\">Hay una Zyrgon antes de Rita y otra Zyrgon despu\u00e9s de Rita. Hace 6 a\u00f1os, fue pionera en el equipo de marketing, desempe\u00f1ando un papel fundamental en el crecimiento de la empresa en el \u00e1rea de comunicaci\u00f3n y marketing. Los primeros planes de contenido para redes sociales y las primeras estrategias de marketing que pusieron a Zyrgon en el mapa son obra de nuestra \"jefecita\". <br> <br>\n\nCreativa, comprensiva, divertida y siempre dispuesta a ense\u00f1ar, convirti\u00f3 el departamento de marketing en un equipo de 15 personas talentosas que siguen a su l\u00edder a todas partes. Y nuestra vida no ser\u00eda la misma sin ella.<\/div><\/div><div class=\"fila\"><div class=\"over-background\"><\/div><div class=\"elementor-slide-zp_image\">\n\t\t\t\t\t\t\t\t\n\t\t\t\t\t\t\t\t<img decoding=\"async\" width=\"1365\" height=\"2048\" alt=\"\" src=\"https:\/\/www.zyrgon.com\/wp-content\/uploads\/2024\/10\/Rita.webp\">\n\t\t\t\t\t\t\t<\/div><\/div><\/div><\/div><\/div><div class=\"elementor-repeater-item-0d2e8ee swiper-slide\"><div class=\"swiper-slide-bg\" role=\"img\"><\/div><div class=\"swiper-slide-inner\" ><div class=\"swiper-slide-contents equipa\"><div class=\"fila\"><h3><\/h3><div class=\"elementor-slide-heading\">O Jo\u00e3o<\/div><div class=\"elementor-slide-team_roll\">Development Team Manager<\/div><div class=\"elementor-slide-description\">Es el maestro de la programaci\u00f3n y el ninja de la organizaci\u00f3n. Jo\u00e3o es programador en Zyrgon casi desde que recordamos su existencia. Domina diversos lenguajes y frameworks, transformando l\u00edneas de c\u00f3digo en soluciones innovadoras.<br> <br> \n\nNo se lo cuenten a nadie, pero Jo\u00e3o es un profesor disfrazado, le encanta ense\u00f1ar y compartir su conocimiento con todos, y nosotros se lo agradecemos. \u00bfUn dato curioso? Tiene la caligraf\u00eda m\u00e1s bonita de la empresa, si no fuera nuestro programador, \u00a1seguramente ser\u00eda un cal\u00edgrafo oficial de la realeza!<\/div><\/div><div class=\"fila\"><div class=\"over-background\"><\/div><div class=\"elementor-slide-zp_image\">\n\t\t\t\t\t\t\t\t\n\t\t\t\t\t\t\t\t<img loading=\"lazy\" decoding=\"async\" width=\"1365\" height=\"2048\" alt=\"\" src=\"https:\/\/www.zyrgon.com\/wp-content\/uploads\/2024\/10\/Joao.webp\">\n\t\t\t\t\t\t\t<\/div><\/div><\/div><\/div><\/div><div class=\"elementor-repeater-item-1df3e2c swiper-slide\"><div class=\"swiper-slide-bg\" role=\"img\"><\/div><div class=\"swiper-slide-inner\" ><div class=\"swiper-slide-contents equipa\"><div class=\"fila\"><h3><\/h3><div class=\"elementor-slide-heading\">A In\u00eas<\/div><div class=\"elementor-slide-team_roll\">Project Manager<\/div><div class=\"elementor-slide-description\">A pesar de su licenciatura en Fotograf\u00eda y Cultura Visual, In\u00eas se uni\u00f3 a Zyrgon para gestionar redes sociales, algo que siempre le ha despertado un gran inter\u00e9s y que, para ser sinceros, se le da muy bien.<br> <br> \n\nCon el tiempo, y gracias a su deseo de aprender y evolucionar constantemente, hoy es Project Manager y gestiona proyectos de gran envergadura. Sin embargo, nunca quiso dejar que su pasi\u00f3n por la fotograf\u00eda se desvaneciera, por lo que sigue siendo nuestra fot\u00f3grafa de servicio: una combinaci\u00f3n perfecta de superhabilidades. Con un gran coraz\u00f3n y siempre dispuesta a ayudar al equipo, podemos decir que nuestra In\u00eas es una experta en apagar incendios.<\/div><\/div><div class=\"fila\"><div class=\"over-background\"><\/div><div class=\"elementor-slide-zp_image\">\n\t\t\t\t\t\t\t\t\n\t\t\t\t\t\t\t\t<img loading=\"lazy\" decoding=\"async\" width=\"1365\" height=\"2048\" alt=\"\" src=\"https:\/\/www.zyrgon.com\/wp-content\/uploads\/2024\/10\/Ines.webp\">\n\t\t\t\t\t\t\t<\/div><\/div><\/div><\/div><\/div><div class=\"elementor-repeater-item-f9615cc swiper-slide\"><div class=\"swiper-slide-bg\" role=\"img\"><\/div><div class=\"swiper-slide-inner\" ><div class=\"swiper-slide-contents equipa\"><div class=\"fila\"><h3><\/h3><div class=\"elementor-slide-heading\"> <\/div><div class=\"elementor-slide-team_roll\"> <\/div><div class=\"elementor-slide-description\"><div id=\"estrelas_container\">\n\t<p class=\"destaque_title no-star-zone\">Ahora es hora de destacar a las verdaderas<\/p>\n    <p class=\"estrelas_big no-star-zone\">Estrellas de nuestra agencia<\/p>\n\t<div class=\"small_desc_wrapper no-star-zone\">\n\t\t<p class=\"estrelas_small no-star-zone\">Son m\u00e1s de 40 almas creativas y valientes<\/p>\n\t\t<p class=\"estrelas_smaller no-star-zone\">Programadores, dise\u00f1adores, social media managers, estrategas, copies, son todos aquellos que conf\u00edan en nuestra gesti\u00f3n y dan vida a nuestras ideas m\u00e1s descabelladas.<\/p>\n\t<\/div>\n<div class=\"star-container\" id=\"star-container\"><\/div>\n<\/div><\/div><\/div><div class=\"fila\"><div class=\"over-background\"><\/div><div class=\"elementor-slide-zp_image\">\n\t\t\t\t\t\t\t\t\n\t\t\t\t\t\t\t\t<img loading=\"lazy\" decoding=\"async\" width=\"204\" height=\"204\" alt=\"\" src=\"https:\/\/www.zyrgon.com\/wp-content\/uploads\/2023\/09\/zyrg.webp\">\n\t\t\t\t\t\t\t<\/div><\/div><\/div><\/div><\/div>\t\t\t\t<\/div>\n\t\t\t\t\t\t\t\t\t\t\t\t\t\t\t<div class=\"swiper-pagination\"><\/div>\n\t\t\t\t\t\t\t\t\t\t\t\t\t\t\t\t<div class=\"elementor-zp_navigation equipa\">\n\t\t\t\t\t\t\t\t<div class=\"elementor-zp_sub_navigation\">\n\t\t\t\t\t\t\t\t\t<div class=\"elementor-swiper-button elementor-swiper-button-prev\" role=\"button\" tabindex=\"0\">\n\t\t\t\t\t\t\t\t\t\t<i aria-hidden=\"true\" class=\"eicon-chevron-left\"><\/i>\t\t\t\t\t\t\t\t\t\t<span class=\"elementor-screen-only\">Diapositiva anterior<\/span>\n\t\t\t\t\t\t\t\t\t<\/div>\n\t\t\t\t\t\t\t\t\t<div class=\"elementor-swiper-button elementor-swiper-button-next\" role=\"button\" tabindex=\"0\">\n\t\t\t\t\t\t\t\t\t\t<i aria-hidden=\"true\" class=\"eicon-chevron-right\"><\/i>\t\t\t\t\t\t\t\t\t\t<span class=\"elementor-screen-only\">Diapositiva siguiente<\/span>\n\t\t\t\t\t\t\t\t\t<\/div>\n\t\t\t\t\t\t\t\t<\/div>\n\t\t\t\t\t\t<\/div>\n\t\t\t\t\t\t\t\t\t\t\t\t<\/div>\n\t\t<\/div>\t\t\n\t\t<div class=\"second-slider-container\">\n\t\t\t<div class=\"second-slider-elementor\" style=\"display:none;\">\n\t\t\t<h3>Sobre N\u00f3s<\/h3>\n\t\t\t\t<div class=\"swiper-wrapper\">\n\t\t\t\t\t<div class=\"elementor-repeater-item-a0a0bf9 swiper-slide\"><div class=\"elementor-slide-zp_image\">\n\t\t\t\t\t\t\t\t<img fetchpriority=\"high\" decoding=\"async\" width=\"1365\" height=\"2048\" alt=\"\" src=\"https:\/\/www.zyrgon.com\/wp-content\/uploads\/2024\/10\/Rodrigo.webp\">\n\t\t\t\t\t\t\t<\/div><\/div><div class=\"elementor-repeater-item-37ced93 swiper-slide\"><div class=\"elementor-slide-zp_image\">\n\t\t\t\t\t\t\t\t<img decoding=\"async\" width=\"1365\" height=\"2048\" alt=\"\" src=\"https:\/\/www.zyrgon.com\/wp-content\/uploads\/2024\/10\/Tito.webp\">\n\t\t\t\t\t\t\t<\/div><\/div><div class=\"elementor-repeater-item-12c6a9c swiper-slide\"><div class=\"elementor-slide-zp_image\">\n\t\t\t\t\t\t\t\t<img decoding=\"async\" width=\"1365\" height=\"2048\" alt=\"\" src=\"https:\/\/www.zyrgon.com\/wp-content\/uploads\/2024\/10\/Rita.webp\">\n\t\t\t\t\t\t\t<\/div><\/div><div class=\"elementor-repeater-item-0d2e8ee swiper-slide\"><div class=\"elementor-slide-zp_image\">\n\t\t\t\t\t\t\t\t<img loading=\"lazy\" decoding=\"async\" width=\"1365\" height=\"2048\" alt=\"\" src=\"https:\/\/www.zyrgon.com\/wp-content\/uploads\/2024\/10\/Joao.webp\">\n\t\t\t\t\t\t\t<\/div><\/div><div class=\"elementor-repeater-item-1df3e2c swiper-slide\"><div class=\"elementor-slide-zp_image\">\n\t\t\t\t\t\t\t\t<img loading=\"lazy\" decoding=\"async\" width=\"1365\" height=\"2048\" alt=\"\" src=\"https:\/\/www.zyrgon.com\/wp-content\/uploads\/2024\/10\/Ines.webp\">\n\t\t\t\t\t\t\t<\/div><\/div><div class=\"elementor-repeater-item-f9615cc swiper-slide\"><div class=\"elementor-slide-zp_image\">\n\t\t\t\t\t\t\t\t<img loading=\"lazy\" decoding=\"async\" width=\"204\" height=\"204\" alt=\"\" src=\"https:\/\/www.zyrgon.com\/wp-content\/uploads\/2023\/09\/zyrg.webp\">\n\t\t\t\t\t\t\t<\/div><\/div>\t\t\t\t<\/div>\n\t\t\t<\/div>\n\t\t\t<div class=\"arrow-second-slider\">\n\t\t\t\t<div class=\"previus-arrow\">\n\t\t\t\t\t<img loading=\"lazy\" decoding=\"async\" width=\"48\" height=\"25\" src=\"\/wp-content\/uploads\/2023\/10\/arrow-up.svg\" alt=\"\">\n\t\t\t\t<\/div>\n\t\t\t\t<div class=\"next-arrow\">\n\t\t\t\t\t<img loading=\"lazy\" decoding=\"async\" width=\"48\" height=\"25\" src=\"\/wp-content\/uploads\/2023\/10\/arrow-bottom.svg\" alt=\"\">\n\t\t\t\t<\/div>\n\t\t\t<\/div>\n\t\t<\/div>\n\n\t\n\t\t\t\t\t\t<\/div>\n\t\t\t\t<\/div>\n\t\t\t\t\t<\/div>\n\t\t<\/div>\n\t\t\t\t\t<\/div>\n\t\t<\/section>\n\t\t\t\t<\/div>\n\t\t","protected":false},"excerpt":{"rendered":"<p>Sobre N\u00f3s O RodrigoCEOAdem\u00e1s de ser emprendedor y empresario en otras \u00e1reas de negocio, tambi\u00e9n es el Director Ejecutivo de Zyrgon. Con su formaci\u00f3n en Econom\u00eda y Gesti\u00f3n Empresarial y su liderazgo firme, no hay desaf\u00edo que no enfrente de frente. En sus m\u00e1s de 20 a\u00f1os de carrera, y antes de crear Zyrgon, pas\u00f3 [&hellip;]<\/p>\n","protected":false},"author":1,"featured_media":0,"parent":0,"menu_order":0,"comment_status":"closed","ping_status":"closed","template":"","meta":{"inline_featured_image":false,"footnotes":""},"class_list":["post-4105","page","type-page","status-publish","hentry"],"_links":{"self":[{"href":"https:\/\/www.zyrgon.com\/es\/wp-json\/wp\/v2\/pages\/4105","targetHints":{"allow":["GET"]}}],"collection":[{"href":"https:\/\/www.zyrgon.com\/es\/wp-json\/wp\/v2\/pages"}],"about":[{"href":"https:\/\/www.zyrgon.com\/es\/wp-json\/wp\/v2\/types\/page"}],"author":[{"embeddable":true,"href":"https:\/\/www.zyrgon.com\/es\/wp-json\/wp\/v2\/users\/1"}],"replies":[{"embeddable":true,"href":"https:\/\/www.zyrgon.com\/es\/wp-json\/wp\/v2\/comments?post=4105"}],"version-history":[{"count":13,"href":"https:\/\/www.zyrgon.com\/es\/wp-json\/wp\/v2\/pages\/4105\/revisions"}],"predecessor-version":[{"id":4423,"href":"https:\/\/www.zyrgon.com\/es\/wp-json\/wp\/v2\/pages\/4105\/revisions\/4423"}],"wp:attachment":[{"href":"https:\/\/www.zyrgon.com\/es\/wp-json\/wp\/v2\/media?parent=4105"}],"curies":[{"name":"wp","href":"https:\/\/api.w.org\/{rel}","templated":true}]}}