{"id":4297,"date":"2023-07-18T17:55:24","date_gmt":"2023-07-18T16:55:24","guid":{"rendered":"https:\/\/www.zyrgon.com\/termos-e-condicoes\/"},"modified":"2025-12-18T16:28:24","modified_gmt":"2025-12-18T16:28:24","slug":"termos-e-condicoes","status":"publish","type":"page","link":"https:\/\/www.zyrgon.com\/es\/termos-e-condicoes\/","title":{"rendered":"Termos e condi\u00e7\u00f5es"},"content":{"rendered":"\t\t<div data-elementor-type=\"wp-page\" data-elementor-id=\"4297\" class=\"elementor elementor-4297 elementor-229\" data-elementor-post-type=\"page\">\n\t\t\t\t\t\t<section class=\"elementor-section elementor-top-section elementor-element elementor-element-083f0a8 elementor-section-height-min-height elementor-section-items-top elementor-section-boxed elementor-section-height-default\" data-id=\"083f0a8\" data-element_type=\"section\">\n\t\t\t\t\t\t<div class=\"elementor-container elementor-column-gap-default\">\n\t\t\t\t\t<div class=\"elementor-column elementor-col-100 elementor-top-column elementor-element elementor-element-d94fcc7\" data-id=\"d94fcc7\" data-element_type=\"column\">\n\t\t\t<div class=\"elementor-widget-wrap elementor-element-populated\">\n\t\t\t\t\t\t<div class=\"elementor-element elementor-element-e740eab elementor-widget elementor-widget-heading\" data-id=\"e740eab\" data-element_type=\"widget\" data-widget_type=\"heading.default\">\n\t\t\t\t<div class=\"elementor-widget-container\">\n\t\t\t\t\t<h2 class=\"elementor-heading-title elementor-size-default\">T\u00e9rminos y Condiciones<\/h2>\t\t\t\t<\/div>\n\t\t\t\t<\/div>\n\t\t\t\t<div class=\"elementor-element elementor-element-2fbc236 elementor-widget elementor-widget-text-editor\" data-id=\"2fbc236\" data-element_type=\"widget\" data-widget_type=\"text-editor.default\">\n\t\t\t\t<div class=\"elementor-widget-container\">\n\t\t\t\t\t\t\t\t\t<p>Zyrgon Portugal Lda es responsable de la seguridad de los datos personales que nos facilita.<\/p><p>Zyrgon podr\u00e1 proceder a la recolecci\u00f3n de sus datos personales, tanto de manera directa (cuando se le soliciten) como indirecta, siempre que acceda al sitio web. Sin embargo, Zyrgon solo utilizar\u00e1 esos datos personales para los fines establecidos en esta Declaraci\u00f3n de Privacidad, y se compromete a proteger todos los datos recopilados. Esta Declaraci\u00f3n de Privacidad describe el objetivo del procesamiento de datos de Zyrgon con respecto a este sitio web, el uso de \u00abcookies\u00bb y c\u00f3mo puede hacer valer sus derechos respecto a sus datos personales.<\/p><p>Zyrgon recopila y procesa informaci\u00f3n sobre los clientes y visitantes de este sitio web con fines comerciales e informativos, para ofrecerle nuevos productos y servicios que puedan ser de su inter\u00e9s, y para desarrollar estad\u00edsticas web. La informaci\u00f3n que usted proporcione ser\u00e1 utilizada para contactarlo siempre que sea necesario, es decir, para informarle sobre cambios en la funcionalidad del sitio web y para ofrecerle servicios que puedan serle \u00fatiles.<\/p><p>La informaci\u00f3n proporcionada por el usuario pasar\u00e1 a formar parte de la base de datos de Zyrgon y est\u00e1 protegida conforme a la Ley 67\/98 de 26 de octubre \u2013 Ley de Protecci\u00f3n de Datos Personales. Los datos introducidos son confidenciales, destinados a tratamiento electr\u00f3nico y nunca ser\u00e1n proporcionados a terceros, ni de forma gratuita ni comercial, sin el consentimiento previo de su titular.<\/p><p>La informaci\u00f3n proporcionada por el usuario pasar\u00e1 a formar parte de la base de datos de Zyrgon, que cumple con el Reglamento General de Protecci\u00f3n de Datos (Reglamento (UE) 2016\/679) y est\u00e1 protegida conforme a la Ley 67\/98 de 26 de octubre \u2013 Ley de Protecci\u00f3n de Datos Personales. Los datos introducidos son confidenciales, destinados a tratamiento electr\u00f3nico y nunca ser\u00e1n proporcionados a terceros, ni de forma gratuita ni comercial, sin el consentimiento previo de su titular.<\/p>\t\t\t\t\t\t\t\t<\/div>\n\t\t\t\t<\/div>\n\t\t\t\t<div class=\"elementor-element elementor-element-2ef4c3b elementor-widget elementor-widget-text-editor\" data-id=\"2ef4c3b\" data-element_type=\"widget\" data-widget_type=\"text-editor.default\">\n\t\t\t\t<div class=\"elementor-widget-container\">\n\t\t\t\t\t\t\t\t\t<p>Zyrgon Portugal, Unipessoal Limitada<br \/>NIF: 513 373 853<br \/>Travessa do Sebeiro,<br \/>N\u00ba 12 1300-526 Lisboa<\/p>\t\t\t\t\t\t\t\t<\/div>\n\t\t\t\t<\/div>\n\t\t\t\t\t<\/div>\n\t\t<\/div>\n\t\t\t\t\t<\/div>\n\t\t<\/section>\n\t\t\t\t<\/div>\n\t\t","protected":false},"excerpt":{"rendered":"<p>T\u00e9rminos y Condiciones Zyrgon Portugal Lda es responsable de la seguridad de los datos personales que nos facilita. Zyrgon podr\u00e1 proceder a la recolecci\u00f3n de sus datos personales, tanto de manera directa (cuando se le soliciten) como indirecta, siempre que acceda al sitio web. Sin embargo, Zyrgon solo utilizar\u00e1 esos datos personales para los fines [&hellip;]<\/p>\n","protected":false},"author":2,"featured_media":0,"parent":0,"menu_order":0,"comment_status":"closed","ping_status":"closed","template":"","meta":{"inline_featured_image":false,"footnotes":""},"class_list":["post-4297","page","type-page","status-publish","hentry"],"_links":{"self":[{"href":"https:\/\/www.zyrgon.com\/es\/wp-json\/wp\/v2\/pages\/4297","targetHints":{"allow":["GET"]}}],"collection":[{"href":"https:\/\/www.zyrgon.com\/es\/wp-json\/wp\/v2\/pages"}],"about":[{"href":"https:\/\/www.zyrgon.com\/es\/wp-json\/wp\/v2\/types\/page"}],"author":[{"embeddable":true,"href":"https:\/\/www.zyrgon.com\/es\/wp-json\/wp\/v2\/users\/2"}],"replies":[{"embeddable":true,"href":"https:\/\/www.zyrgon.com\/es\/wp-json\/wp\/v2\/comments?post=4297"}],"version-history":[{"count":4,"href":"https:\/\/www.zyrgon.com\/es\/wp-json\/wp\/v2\/pages\/4297\/revisions"}],"predecessor-version":[{"id":4301,"href":"https:\/\/www.zyrgon.com\/es\/wp-json\/wp\/v2\/pages\/4297\/revisions\/4301"}],"wp:attachment":[{"href":"https:\/\/www.zyrgon.com\/es\/wp-json\/wp\/v2\/media?parent=4297"}],"curies":[{"name":"wp","href":"https:\/\/api.w.org\/{rel}","templated":true}]}}